{"id":386,"date":"2021-09-30T11:33:25","date_gmt":"2021-09-30T09:33:25","guid":{"rendered":"https:\/\/closduboisbrard.fr\/en\/?page_id=386"},"modified":"2022-08-05T14:52:39","modified_gmt":"2022-08-05T12:52:39","slug":"yoga-stay","status":"publish","type":"page","link":"https:\/\/closduboisbrard.fr\/en\/yoga-stay\/","title":{"rendered":"Yoga Discovery week end"},"content":{"rendered":"<p>[vc_row][vc_column]<div class=\"sohohotel-title2 sohohotel-title-color\"><h3>Yoga sessions during holidays...<\/h3><\/div>[vc_gallery type=&#8221;image_grid&#8221; images=&#8221;395,381,380,397,396,345&#8243;][\/vc_column][\/vc_row][vc_row][vc_column][vc_column_text]<\/p>\n<h3><b>Un Week end \u00e0 la date de votre choix pour d\u00e9couvrir \u00a0le Yoga autrement&#8230;<\/b><\/h3>\n<p>Immerg\u00e9 dans un lieu unique et hors du temps, avec nos ma\u00eetres de Yoga,\u00a0 vous allez (re)d\u00e9couvrir votre corps , votre essence , votre int\u00e9riorit\u00e9 dans la pratique du Yoga , de la m\u00e9ditation adapt\u00e9e \u00e0 chaque personne. Les cours sont accessibles \u00e0 tous les niveaux. Les s\u00e9ances apaisent le mental et d\u00e9nouent le corps des tensions accumul\u00e9es durant la semaine .<\/p>\n<p>Promesse de bien-\u00eatre dans un havre de paix, d\u2019harmonie et de s\u00e9r\u00e9nit\u00e9 connect\u00e9 avec votre moi profond, votre \u00eatre essentiel .<\/p>\n<h5><strong>Dur\u00e9e des cours :<\/strong> 3 s\u00e9ances d&#8217;une heure et quart<\/h5>\n<h3><strong>Votre Programme :\u00a0<\/strong><\/h3>\n<ul>\n<li>S\u00e9ance d\u2019introduction le vendredi soir \u00e0 18h30<\/li>\n<li>Petit d\u00e9jeuner \u00e0 8h suivi d&#8217;un cour de 10h \u00e011h30<\/li>\n<li>Quartier libre l&#8217;apr\u00e8s midi, restaurant dans la ville de Saumur, visites des monuments abbaye et chateau sous les conseils de votre h\u00f4te (accompagnement possible).<\/li>\n<li>Petit d\u00e9jeuner \u00e0 8h suivi du cours du dimanche matin de 10h \u00e0 11h30.<\/li>\n<li>D\u00e9part \u00e0 partir de 12h (jusqu&#8217;\u00e0 14h)<\/li>\n<li>Possibilit\u00e9 d&#8217;inverser sur demande les horaires du petit d\u00e9jeuner et du cour de yoga en matin\u00e9e.<\/li>\n<\/ul>\n<h5><b>Date<\/b> : sur demande, \u00e0 partir d&#8217;avril 2022<\/h5>\n<h3>Tarifs week end cours priv\u00e9es :<\/h3>\n<p>Pour des cours priv\u00e9es avec Isabelle nous vous proposons les formules suivantes (merci de nous contacter directement pour r\u00e9server):<\/p>\n<ul>\n<li>Formule solo \u00e0 <strong>450\u20ac<\/strong><\/li>\n<li>Formule duo \u00e0 <strong>550\u20ac<\/strong><\/li>\n<li><strong>180e<\/strong> par personne suppl\u00e9mentaires<\/li>\n<\/ul>\n<p>Condition d&#8217;annulation : jusqu&#8217;\u00e0 15 jours avant la date d&#8217;arriv\u00e9e : remboursement int\u00e9gral, \u00e0 partir de 14 jours avant la r\u00e9servation 100% d\u00fb.<\/p>\n<p>&nbsp;<\/p>\n<h3><\/h3>\n<h3><\/h3>\n<h3><strong>Votre professeur :<\/strong><\/h3>\n<p>[\/vc_column_text][vc_column_text]La pratique YOGA est \u00e0 la port\u00e9e de tout le monde.<br \/>\nC\u2019est un science compl\u00e8te de la vie qui trouve son origine en Inde.<br \/>\nC\u2019est le plus vieux syst\u00e8me au monde de d\u00e9veloppement humain qui englobe le corps, le mental,<br \/>\net l\u2019esprit.<br \/>\nUn \u00e9tat d\u2019\u00eatre au quotidien comment le d\u00e9finiriez-vous?<br \/>\nLe YOGA c\u2019est quoi pour vous?<\/p>\n<p>&nbsp;<\/p>\n<p>NAMAST\u00c9<\/p>\n<p>Le YOGA vous emm\u00e8ne sur un chemin de jouissance de la vie de part une pl\u00e9nitude int\u00e9rieure,<br \/>\nnotre nature v\u00e9ritable. De part la d\u00e9couverte de son propre \u00eatre, la reconnexion \u00e0 son \u00e9tincelle<br \/>\ndivine, l\u2018am\u00e9lioration de notre stabilit\u00e9 physique.<br \/>\nLe YOGA agit aussi sur des plans plus subtils de l\u2019\u00eatre \u00e0 commencer par les syst\u00e8mes<br \/>\n\u00e9nerg\u00e9tiques.<br \/>\nVous laisserez glisser votre corps dans les postures*\u00abAsanas*\u00bb sur votre respiration,<br \/>\nL\u2019harmonie entre souffle et mouvements que l\u2019on recherche en YOGA existe naturellement \u00e0 la<br \/>\nnaissance. Cette harmonie artiste et physique se d\u00e9fini par une capacit\u00e9 a se mouvoir librement<br \/>\ndans un \u00e9tat de conscience totale afin de r\u00e9unir l\u2019esprit, le corps, la respiration et l\u2018intelligence<br \/>\ncr\u00e9ative. L\u2019essence m\u00eame de ces futurs partages est de retrouver l\u2019harmonie dans votre corps<br \/>\net dans votre vie gr\u00e2ce au yoga, d\u00e9couvrez le bonheur de vous sentir pleinement vivant.<br \/>\nVotre conscience vous guide jusqu\u2019ici pour d\u00e9couvrir de nouveaux horizons.<br \/>\nObservez, savourez dans l\u2019instant pr\u00e9sent puis poursuivre le chemin par la suite.<\/p>\n<p style=\"text-align: right\">AGNES CONAN<\/p>\n<p>[\/vc_column_text][\/vc_column][\/vc_row][vc_row][vc_column][vc_gallery interval=&#8221;3&#8243; images=&#8221;473,560,542,556,526,496&#8243; img_size=&#8221;medium&#8221;][\/vc_column][\/vc_row][vc_row][vc_column]<div class=\"sohohotel-title1 sohohotel-title-color\"><h1>Petit-d\u00e9jeuner sain, simple et nutritif<\/h1><h3>suivi de nos conseils personnels<\/h3><\/div>[vc_single_image image=&#8221;468&#8243; img_size=&#8221;large&#8221; alignment=&#8221;center&#8221;][\/vc_column][\/vc_row][vc_row][vc_column][vc_column_text]Le petit d\u00e9jeuner est consid\u00e9r\u00e9 comme un moment important pour le corps pour d\u00e9marrer la journ\u00e9e c\u2019est pour cela qu\u2019il doit \u00eatre trait\u00e9 avec attention. Il ne faut ni je\u00fbner souvent le matin ni manger souvent des choses trop riches, un juste \u00e9quilibre au niveau des quantit\u00e9s et des produits et de rigueur pour le bien-\u00eatre.\u00a0 Ainsi nous proposons pour d\u00e9marrer votre journ\u00e9e :<\/p>\n<ul>\n<li>Des Oranges press\u00e9es ou du caf\u00e9 et non les deux en m\u00eame temps car les deux substances sont des excitants, jus detox<\/li>\n<li>Des fruits, nous proposons particuli\u00e8rement le kiwi et les pommes mais \u00e9galement si la saison le permet,\u00a0 les fruits de notre Parc : mirabelles, p\u00eaches de vignes&#8230;<\/li>\n<li>Une miche de pain au levain, il est la base de toute notre alimentation depuis des mill\u00e9naires<\/li>\n<li>Confitures maison (uniquement avec le caf\u00e9 sans sucres)<\/li>\n<li>Muesli floconneux (le muesli normal car contient des sucres ajout\u00e9s)<\/li>\n<li>Lait d\u2019amande<\/li>\n<li>Yaourt v\u00e9g\u00e9tal<\/li>\n<li>Pas de sucres en poudres, c\u2019est prohib\u00e9, nous proposons du sirop d\u2019agave<\/li>\n<\/ul>\n<p>&nbsp;<\/p>\n<p style=\"text-align: center\">Nous faisons des petits d\u00e9jeuner qui \u00e9liminent un maximum possible les produits transform\u00e9s.<\/p>\n<p>&nbsp;<\/p>\n<p>Les petits-d\u00e9jeuner seront servis \u00e0 8h00. Etant donn\u00e9 que votre cours de yoga \/ pilates d\u00e9butera entre 10h00 et 10h30 il est recommand\u00e9 d\u2019\u00eatre \u00e0 jeun pendant minimum 1h30h pour le bon d\u00e9roulement de votre s\u00e9ance. Vous avez n\u00e9anmoins la possibilit\u00e9 de prendre votre petit-d\u00e9jeuner plus tard si vous le souhaitez.<\/p>\n<p>[\/vc_column_text][\/vc_column][\/vc_row]<\/p>\n","protected":false},"excerpt":{"rendered":"<p>[vc_row][vc_column][vc_gallery type=&#8221;image_grid&#8221; images=&#8221;395,381,380,397,396,345&#8243;][\/vc_column][\/vc_row][vc_row][vc_column][vc_column_text] Un Week end \u00e0 la date de votre choix pour d\u00e9couvrir \u00a0le Yoga autrement&#8230; Immerg\u00e9 dans un lieu unique et hors du temps, avec nos ma\u00eetres de Yoga,\u00a0 vous allez (re)d\u00e9couvrir votre corps , votre essence , votre int\u00e9riorit\u00e9 dans la pratique du Yoga , de la m\u00e9ditation adapt\u00e9e \u00e0 chaque personne.<\/p>\n<a href=\"https:\/\/closduboisbrard.fr\/en\/yoga-stay\/\" class=\"sohohotel-more-link\">Read More<i class=\"fa fa-angle-right\"><\/i><\/a>","protected":false},"author":1,"featured_media":0,"parent":0,"menu_order":0,"comment_status":"closed","ping_status":"closed","template":"","meta":[],"yoast_head":"<!-- This site is optimized with the Yoast SEO plugin v18.5 - https:\/\/yoast.com\/wordpress\/plugins\/seo\/ -->\n<title>Yoga Discovery week end - Clos du Bois Brard<\/title>\n<meta name=\"robots\" content=\"index, follow, max-snippet:-1, max-image-preview:large, max-video-preview:-1\" \/>\n<link rel=\"canonical\" href=\"https:\/\/closduboisbrard.fr\/en\/yoga-stay\/\" \/>\n<meta property=\"og:locale\" content=\"en_GB\" \/>\n<meta property=\"og:type\" content=\"article\" \/>\n<meta property=\"og:title\" content=\"Yoga Discovery week end - Clos du Bois Brard\" \/>\n<meta property=\"og:description\" content=\"[vc_row][vc_column][vc_gallery type=&#8221;image_grid&#8221; images=&#8221;395,381,380,397,396,345&#8243;][\/vc_column][\/vc_row][vc_row][vc_column][vc_column_text] Un Week end \u00e0 la date de votre choix pour d\u00e9couvrir \u00a0le Yoga autrement&#8230; Immerg\u00e9 dans un lieu unique et hors du temps, avec nos ma\u00eetres de Yoga,\u00a0 vous allez (re)d\u00e9couvrir votre corps , votre essence , votre int\u00e9riorit\u00e9 dans la pratique du Yoga , de la m\u00e9ditation adapt\u00e9e \u00e0 chaque personne.\" \/>\n<meta property=\"og:url\" content=\"https:\/\/closduboisbrard.fr\/en\/yoga-stay\/\" \/>\n<meta property=\"og:site_name\" content=\"Clos du Bois Brard\" \/>\n<meta property=\"article:modified_time\" content=\"2022-08-05T12:52:39+00:00\" \/>\n<meta name=\"twitter:card\" content=\"summary_large_image\" \/>\n<meta name=\"twitter:label1\" content=\"Estimated reading time\" \/>\n\t<meta name=\"twitter:data1\" content=\"4 minutes\" \/>\n<script type=\"application\/ld+json\" class=\"yoast-schema-graph\">{\"@context\":\"https:\/\/schema.org\",\"@graph\":[{\"@type\":\"WebSite\",\"@id\":\"https:\/\/closduboisbrard.fr\/en\/#website\",\"url\":\"https:\/\/closduboisbrard.fr\/en\/\",\"name\":\"Clos du Bois Brard\",\"description\":\"Un site utilisant Les sites de Clos du Bois Brard\",\"potentialAction\":[{\"@type\":\"SearchAction\",\"target\":{\"@type\":\"EntryPoint\",\"urlTemplate\":\"https:\/\/closduboisbrard.fr\/en\/?s={search_term_string}\"},\"query-input\":\"required name=search_term_string\"}],\"inLanguage\":\"en-GB\"},{\"@type\":\"WebPage\",\"@id\":\"https:\/\/closduboisbrard.fr\/en\/yoga-stay\/#webpage\",\"url\":\"https:\/\/closduboisbrard.fr\/en\/yoga-stay\/\",\"name\":\"Yoga Discovery week end - Clos du Bois Brard\",\"isPartOf\":{\"@id\":\"https:\/\/closduboisbrard.fr\/en\/#website\"},\"datePublished\":\"2021-09-30T09:33:25+00:00\",\"dateModified\":\"2022-08-05T12:52:39+00:00\",\"breadcrumb\":{\"@id\":\"https:\/\/closduboisbrard.fr\/en\/yoga-stay\/#breadcrumb\"},\"inLanguage\":\"en-GB\",\"potentialAction\":[{\"@type\":\"ReadAction\",\"target\":[\"https:\/\/closduboisbrard.fr\/en\/yoga-stay\/\"]}]},{\"@type\":\"BreadcrumbList\",\"@id\":\"https:\/\/closduboisbrard.fr\/en\/yoga-stay\/#breadcrumb\",\"itemListElement\":[{\"@type\":\"ListItem\",\"position\":1,\"name\":\"Yoga Discovery week end\"}]}]}<\/script>\n<!-- \/ Yoast SEO plugin. -->","yoast_head_json":{"title":"Yoga Discovery week end - Clos du Bois Brard","robots":{"index":"index","follow":"follow","max-snippet":"max-snippet:-1","max-image-preview":"max-image-preview:large","max-video-preview":"max-video-preview:-1"},"canonical":"https:\/\/closduboisbrard.fr\/en\/yoga-stay\/","og_locale":"en_GB","og_type":"article","og_title":"Yoga Discovery week end - Clos du Bois Brard","og_description":"[vc_row][vc_column][vc_gallery type=&#8221;image_grid&#8221; images=&#8221;395,381,380,397,396,345&#8243;][\/vc_column][\/vc_row][vc_row][vc_column][vc_column_text] Un Week end \u00e0 la date de votre choix pour d\u00e9couvrir \u00a0le Yoga autrement&#8230; Immerg\u00e9 dans un lieu unique et hors du temps, avec nos ma\u00eetres de Yoga,\u00a0 vous allez (re)d\u00e9couvrir votre corps , votre essence , votre int\u00e9riorit\u00e9 dans la pratique du Yoga , de la m\u00e9ditation adapt\u00e9e \u00e0 chaque personne.","og_url":"https:\/\/closduboisbrard.fr\/en\/yoga-stay\/","og_site_name":"Clos du Bois Brard","article_modified_time":"2022-08-05T12:52:39+00:00","twitter_card":"summary_large_image","twitter_misc":{"Estimated reading time":"4 minutes"},"schema":{"@context":"https:\/\/schema.org","@graph":[{"@type":"WebSite","@id":"https:\/\/closduboisbrard.fr\/en\/#website","url":"https:\/\/closduboisbrard.fr\/en\/","name":"Clos du Bois Brard","description":"Un site utilisant Les sites de Clos du Bois Brard","potentialAction":[{"@type":"SearchAction","target":{"@type":"EntryPoint","urlTemplate":"https:\/\/closduboisbrard.fr\/en\/?s={search_term_string}"},"query-input":"required name=search_term_string"}],"inLanguage":"en-GB"},{"@type":"WebPage","@id":"https:\/\/closduboisbrard.fr\/en\/yoga-stay\/#webpage","url":"https:\/\/closduboisbrard.fr\/en\/yoga-stay\/","name":"Yoga Discovery week end - Clos du Bois Brard","isPartOf":{"@id":"https:\/\/closduboisbrard.fr\/en\/#website"},"datePublished":"2021-09-30T09:33:25+00:00","dateModified":"2022-08-05T12:52:39+00:00","breadcrumb":{"@id":"https:\/\/closduboisbrard.fr\/en\/yoga-stay\/#breadcrumb"},"inLanguage":"en-GB","potentialAction":[{"@type":"ReadAction","target":["https:\/\/closduboisbrard.fr\/en\/yoga-stay\/"]}]},{"@type":"BreadcrumbList","@id":"https:\/\/closduboisbrard.fr\/en\/yoga-stay\/#breadcrumb","itemListElement":[{"@type":"ListItem","position":1,"name":"Yoga Discovery week end"}]}]}},"_links":{"self":[{"href":"https:\/\/closduboisbrard.fr\/en\/wp-json\/wp\/v2\/pages\/386"}],"collection":[{"href":"https:\/\/closduboisbrard.fr\/en\/wp-json\/wp\/v2\/pages"}],"about":[{"href":"https:\/\/closduboisbrard.fr\/en\/wp-json\/wp\/v2\/types\/page"}],"author":[{"embeddable":true,"href":"https:\/\/closduboisbrard.fr\/en\/wp-json\/wp\/v2\/users\/1"}],"replies":[{"embeddable":true,"href":"https:\/\/closduboisbrard.fr\/en\/wp-json\/wp\/v2\/comments?post=386"}],"version-history":[{"count":19,"href":"https:\/\/closduboisbrard.fr\/en\/wp-json\/wp\/v2\/pages\/386\/revisions"}],"predecessor-version":[{"id":600,"href":"https:\/\/closduboisbrard.fr\/en\/wp-json\/wp\/v2\/pages\/386\/revisions\/600"}],"wp:attachment":[{"href":"https:\/\/closduboisbrard.fr\/en\/wp-json\/wp\/v2\/media?parent=386"}],"curies":[{"name":"wp","href":"https:\/\/api.w.org\/{rel}","templated":true}]}}